{"id":101,"date":"2025-09-01T01:42:30","date_gmt":"2025-08-31T23:42:30","guid":{"rendered":"https:\/\/www.biasesormsf.com\/?page_id=101"},"modified":"2025-10-10T12:53:26","modified_gmt":"2025-10-10T10:53:26","slug":"business-intelligence","status":"publish","type":"page","link":"https:\/\/www.biasesormsf.com\/ca\/business-intelligence\/","title":{"rendered":"Business Intelligence"},"content":{"rendered":"\t\t<div data-elementor-type=\"wp-page\" data-elementor-id=\"101\" class=\"elementor elementor-101 elementor-32\" data-elementor-post-type=\"page\">\n\t\t\t\t<div class=\"elementor-element elementor-element-2cedeb4 e-flex e-con-boxed e-con e-parent\" data-id=\"2cedeb4\" data-element_type=\"container\">\n\t\t\t\t\t<div class=\"e-con-inner\">\n\t\t<div class=\"elementor-element elementor-element-6e1b3dc e-con-full e-flex e-con e-child\" data-id=\"6e1b3dc\" data-element_type=\"container\">\n\t\t\t\t<div class=\"elementor-element elementor-element-eb8d021 elementor-widget elementor-widget-heading\" data-id=\"eb8d021\" data-element_type=\"widget\" data-widget_type=\"heading.default\">\n\t\t\t\t\t<h1 class=\"elementor-heading-title elementor-size-default\">Qu\u00e8 \u00e9s Business Intelligence?<\/h1>\t\t\t\t<\/div>\n\t\t\t\t<div class=\"elementor-element elementor-element-6e419a0 elementor-widget elementor-widget-text-editor\" data-id=\"6e419a0\" data-element_type=\"widget\" data-widget_type=\"text-editor.default\">\n\t\t\t\t\t\t\t\t\t<p><strong>Business Intelligence (BI)<\/strong> \u00e9s el conjunt d&#8217;estrat\u00e8gies, metodologies i eines orientades a transformar dades brutes en informaci\u00f3 estructurada i coneixement \u00fatil. La seva finalitat \u00e9s recolzar i optimitzar el proc\u00e9s de presa de decisions, permetent a les organitzacions convertir-se en negocis m\u00e9s intel\u00b7ligents, eficients i competitius.<\/p><p>En un entorn on el volum i la diversitat de les dades creixen de manera exponencial, el BI \u00e9s essencial per extreure valor de la informaci\u00f3 disponible, detectar oportunitats, anticipar riscos i refor\u00e7ar l&#8217;avantatge competitiu de l&#8217;empresa.<\/p>\t\t\t\t\t\t\t\t<\/div>\n\t\t\t\t<div class=\"elementor-element elementor-element-d513bc9 elementor-widget elementor-widget-button\" data-id=\"d513bc9\" data-element_type=\"widget\" data-widget_type=\"button.default\">\n\t\t\t\t\t\t\t\t\t\t<a class=\"elementor-button elementor-button-link elementor-size-sm\" href=\"https:\/\/www.biasesormsf.com\/ca\/serveis\/\">\n\t\t\t\t\t\t<span class=\"elementor-button-content-wrapper\">\n\t\t\t\t\t\t\t\t\t<span class=\"elementor-button-text\">Com et podem ajudar?<\/span>\n\t\t\t\t\t<\/span>\n\t\t\t\t\t<\/a>\n\t\t\t\t\t\t\t\t<\/div>\n\t\t\t\t<\/div>\n\t\t<div class=\"elementor-element elementor-element-e4d5df4 e-con-full e-flex e-con e-child\" data-id=\"e4d5df4\" data-element_type=\"container\">\n\t\t\t\t<div class=\"elementor-element elementor-element-d0695dd elementor-widget elementor-widget-image\" data-id=\"d0695dd\" data-element_type=\"widget\" data-widget_type=\"image.default\">\n\t\t\t\t\t\t\t\t\t\t\t\t\t\t\t<img fetchpriority=\"high\" decoding=\"async\" width=\"1000\" height=\"1000\" src=\"https:\/\/www.biasesormsf.com\/wp-content\/uploads\/2025\/09\/bi.jpg\" class=\"attachment-large size-large wp-image-91\" alt=\"\" srcset=\"https:\/\/www.biasesormsf.com\/wp-content\/uploads\/2025\/09\/bi.jpg 1000w, https:\/\/www.biasesormsf.com\/wp-content\/uploads\/2025\/09\/bi-768x768.jpg 768w\" sizes=\"(max-width: 1000px) 100vw, 1000px\" \/>\t\t\t\t\t\t\t\t\t\t\t\t\t\t\t<\/div>\n\t\t\t\t<\/div>\n\t\t\t\t\t<\/div>\n\t\t\t\t<\/div>\n\t\t\t\t<\/div>\n\t\t","protected":false},"excerpt":{"rendered":"<p>Qu\u00e8 \u00e9s Business Intelligence? Business Intelligence (BI) \u00e9s el conjunt d&#8217;estrat\u00e8gies, metodologies i eines orientades a transformar dades brutes en informaci\u00f3 estructurada i coneixement \u00fatil. La seva finalitat \u00e9s recolzar i optimitzar el proc\u00e9s de presa de decisions, permetent a les organitzacions convertir-se en negocis m\u00e9s intel\u00b7ligents, eficients i competitius. En un entorn on el [&hellip;]<\/p>\n","protected":false},"author":1,"featured_media":0,"parent":0,"menu_order":0,"comment_status":"closed","ping_status":"closed","template":"","meta":{"footnotes":""},"class_list":["post-101","page","type-page","status-publish","hentry"],"yoast_head":"<!-- This site is optimized with the Yoast SEO plugin v25.8 - https:\/\/yoast.com\/wordpress\/plugins\/seo\/ -->\n<title>Business Intelligence - biasesormsf.com<\/title>\n<meta name=\"robots\" content=\"index, follow, max-snippet:-1, max-image-preview:large, max-video-preview:-1\" \/>\n<link rel=\"canonical\" href=\"https:\/\/www.biasesormsf.com\/ca\/business-intelligence\/\" \/>\n<meta property=\"og:locale\" content=\"ca_ES\" \/>\n<meta property=\"og:type\" content=\"article\" \/>\n<meta property=\"og:title\" content=\"Business Intelligence - biasesormsf.com\" \/>\n<meta property=\"og:description\" content=\"Qu\u00e8 \u00e9s Business Intelligence? Business Intelligence (BI) \u00e9s el conjunt d&#8217;estrat\u00e8gies, metodologies i eines orientades a transformar dades brutes en informaci\u00f3 estructurada i coneixement \u00fatil. La seva finalitat \u00e9s recolzar i optimitzar el proc\u00e9s de presa de decisions, permetent a les organitzacions convertir-se en negocis m\u00e9s intel\u00b7ligents, eficients i competitius. En un entorn on el [&hellip;]\" \/>\n<meta property=\"og:url\" content=\"https:\/\/www.biasesormsf.com\/ca\/business-intelligence\/\" \/>\n<meta property=\"og:site_name\" content=\"biasesormsf.com\" \/>\n<meta property=\"article:modified_time\" content=\"2025-10-10T10:53:26+00:00\" \/>\n<meta property=\"og:image\" content=\"https:\/\/www.biasesormsf.com\/wp-content\/uploads\/2025\/09\/bi.jpg\" \/>\n\t<meta property=\"og:image:width\" content=\"1000\" \/>\n\t<meta property=\"og:image:height\" content=\"1000\" \/>\n\t<meta property=\"og:image:type\" content=\"image\/jpeg\" \/>\n<meta name=\"twitter:card\" content=\"summary_large_image\" \/>\n<script type=\"application\/ld+json\" class=\"yoast-schema-graph\">{\"@context\":\"https:\/\/schema.org\",\"@graph\":[{\"@type\":\"WebPage\",\"@id\":\"https:\/\/www.biasesormsf.com\/ca\/business-intelligence\/\",\"url\":\"https:\/\/www.biasesormsf.com\/ca\/business-intelligence\/\",\"name\":\"Business Intelligence - biasesormsf.com\",\"isPartOf\":{\"@id\":\"https:\/\/www.biasesormsf.com\/ca\/#website\"},\"primaryImageOfPage\":{\"@id\":\"https:\/\/www.biasesormsf.com\/ca\/business-intelligence\/#primaryimage\"},\"image\":{\"@id\":\"https:\/\/www.biasesormsf.com\/ca\/business-intelligence\/#primaryimage\"},\"thumbnailUrl\":\"https:\/\/www.biasesormsf.com\/wp-content\/uploads\/2025\/09\/bi.jpg\",\"datePublished\":\"2025-08-31T23:42:30+00:00\",\"dateModified\":\"2025-10-10T10:53:26+00:00\",\"breadcrumb\":{\"@id\":\"https:\/\/www.biasesormsf.com\/ca\/business-intelligence\/#breadcrumb\"},\"inLanguage\":\"ca\",\"potentialAction\":[{\"@type\":\"ReadAction\",\"target\":[\"https:\/\/www.biasesormsf.com\/ca\/business-intelligence\/\"]}]},{\"@type\":\"ImageObject\",\"inLanguage\":\"ca\",\"@id\":\"https:\/\/www.biasesormsf.com\/ca\/business-intelligence\/#primaryimage\",\"url\":\"https:\/\/www.biasesormsf.com\/wp-content\/uploads\/2025\/09\/bi.jpg\",\"contentUrl\":\"https:\/\/www.biasesormsf.com\/wp-content\/uploads\/2025\/09\/bi.jpg\"},{\"@type\":\"BreadcrumbList\",\"@id\":\"https:\/\/www.biasesormsf.com\/ca\/business-intelligence\/#breadcrumb\",\"itemListElement\":[{\"@type\":\"ListItem\",\"position\":1,\"name\":\"Portada\",\"item\":\"https:\/\/www.biasesormsf.com\/ca\/\"},{\"@type\":\"ListItem\",\"position\":2,\"name\":\"Business Intelligence\"}]},{\"@type\":\"WebSite\",\"@id\":\"https:\/\/www.biasesormsf.com\/ca\/#website\",\"url\":\"https:\/\/www.biasesormsf.com\/ca\/\",\"name\":\"biasesormsf.com\",\"description\":\"Asesoramiento en bussines inteligence\",\"potentialAction\":[{\"@type\":\"SearchAction\",\"target\":{\"@type\":\"EntryPoint\",\"urlTemplate\":\"https:\/\/www.biasesormsf.com\/ca\/?s={search_term_string}\"},\"query-input\":{\"@type\":\"PropertyValueSpecification\",\"valueRequired\":true,\"valueName\":\"search_term_string\"}}],\"inLanguage\":\"ca\"}]}<\/script>\n<!-- \/ Yoast SEO plugin. -->","yoast_head_json":{"title":"Business Intelligence - biasesormsf.com","robots":{"index":"index","follow":"follow","max-snippet":"max-snippet:-1","max-image-preview":"max-image-preview:large","max-video-preview":"max-video-preview:-1"},"canonical":"https:\/\/www.biasesormsf.com\/ca\/business-intelligence\/","og_locale":"ca_ES","og_type":"article","og_title":"Business Intelligence - biasesormsf.com","og_description":"Qu\u00e8 \u00e9s Business Intelligence? Business Intelligence (BI) \u00e9s el conjunt d&#8217;estrat\u00e8gies, metodologies i eines orientades a transformar dades brutes en informaci\u00f3 estructurada i coneixement \u00fatil. La seva finalitat \u00e9s recolzar i optimitzar el proc\u00e9s de presa de decisions, permetent a les organitzacions convertir-se en negocis m\u00e9s intel\u00b7ligents, eficients i competitius. En un entorn on el [&hellip;]","og_url":"https:\/\/www.biasesormsf.com\/ca\/business-intelligence\/","og_site_name":"biasesormsf.com","article_modified_time":"2025-10-10T10:53:26+00:00","og_image":[{"width":1000,"height":1000,"url":"https:\/\/www.biasesormsf.com\/wp-content\/uploads\/2025\/09\/bi.jpg","type":"image\/jpeg"}],"twitter_card":"summary_large_image","schema":{"@context":"https:\/\/schema.org","@graph":[{"@type":"WebPage","@id":"https:\/\/www.biasesormsf.com\/ca\/business-intelligence\/","url":"https:\/\/www.biasesormsf.com\/ca\/business-intelligence\/","name":"Business Intelligence - biasesormsf.com","isPartOf":{"@id":"https:\/\/www.biasesormsf.com\/ca\/#website"},"primaryImageOfPage":{"@id":"https:\/\/www.biasesormsf.com\/ca\/business-intelligence\/#primaryimage"},"image":{"@id":"https:\/\/www.biasesormsf.com\/ca\/business-intelligence\/#primaryimage"},"thumbnailUrl":"https:\/\/www.biasesormsf.com\/wp-content\/uploads\/2025\/09\/bi.jpg","datePublished":"2025-08-31T23:42:30+00:00","dateModified":"2025-10-10T10:53:26+00:00","breadcrumb":{"@id":"https:\/\/www.biasesormsf.com\/ca\/business-intelligence\/#breadcrumb"},"inLanguage":"ca","potentialAction":[{"@type":"ReadAction","target":["https:\/\/www.biasesormsf.com\/ca\/business-intelligence\/"]}]},{"@type":"ImageObject","inLanguage":"ca","@id":"https:\/\/www.biasesormsf.com\/ca\/business-intelligence\/#primaryimage","url":"https:\/\/www.biasesormsf.com\/wp-content\/uploads\/2025\/09\/bi.jpg","contentUrl":"https:\/\/www.biasesormsf.com\/wp-content\/uploads\/2025\/09\/bi.jpg"},{"@type":"BreadcrumbList","@id":"https:\/\/www.biasesormsf.com\/ca\/business-intelligence\/#breadcrumb","itemListElement":[{"@type":"ListItem","position":1,"name":"Portada","item":"https:\/\/www.biasesormsf.com\/ca\/"},{"@type":"ListItem","position":2,"name":"Business Intelligence"}]},{"@type":"WebSite","@id":"https:\/\/www.biasesormsf.com\/ca\/#website","url":"https:\/\/www.biasesormsf.com\/ca\/","name":"biasesormsf.com","description":"Asesoramiento en bussines inteligence","potentialAction":[{"@type":"SearchAction","target":{"@type":"EntryPoint","urlTemplate":"https:\/\/www.biasesormsf.com\/ca\/?s={search_term_string}"},"query-input":{"@type":"PropertyValueSpecification","valueRequired":true,"valueName":"search_term_string"}}],"inLanguage":"ca"}]}},"_links":{"self":[{"href":"https:\/\/www.biasesormsf.com\/ca\/wp-json\/wp\/v2\/pages\/101","targetHints":{"allow":["GET"]}}],"collection":[{"href":"https:\/\/www.biasesormsf.com\/ca\/wp-json\/wp\/v2\/pages"}],"about":[{"href":"https:\/\/www.biasesormsf.com\/ca\/wp-json\/wp\/v2\/types\/page"}],"author":[{"embeddable":true,"href":"https:\/\/www.biasesormsf.com\/ca\/wp-json\/wp\/v2\/users\/1"}],"replies":[{"embeddable":true,"href":"https:\/\/www.biasesormsf.com\/ca\/wp-json\/wp\/v2\/comments?post=101"}],"version-history":[{"count":7,"href":"https:\/\/www.biasesormsf.com\/ca\/wp-json\/wp\/v2\/pages\/101\/revisions"}],"predecessor-version":[{"id":157,"href":"https:\/\/www.biasesormsf.com\/ca\/wp-json\/wp\/v2\/pages\/101\/revisions\/157"}],"wp:attachment":[{"href":"https:\/\/www.biasesormsf.com\/ca\/wp-json\/wp\/v2\/media?parent=101"}],"curies":[{"name":"wp","href":"https:\/\/api.w.org\/{rel}","templated":true}]}}