{"id":99,"date":"2025-08-29T07:56:10","date_gmt":"2025-08-29T05:56:10","guid":{"rendered":"https:\/\/www.biasesormsf.com\/?page_id=99"},"modified":"2025-10-10T12:54:58","modified_gmt":"2025-10-10T10:54:58","slug":"serveis","status":"publish","type":"page","link":"https:\/\/www.biasesormsf.com\/ca\/serveis\/","title":{"rendered":"Serveis"},"content":{"rendered":"\t\t<div data-elementor-type=\"wp-page\" data-elementor-id=\"99\" class=\"elementor elementor-99 elementor-15\" data-elementor-post-type=\"page\">\n\t\t\t\t<div class=\"elementor-element elementor-element-a969874 e-flex e-con-boxed e-con e-parent\" data-id=\"a969874\" data-element_type=\"container\">\n\t\t\t\t\t<div class=\"e-con-inner\">\n\t\t<div class=\"elementor-element elementor-element-53f2102 e-con-full e-flex e-con e-child\" data-id=\"53f2102\" data-element_type=\"container\">\n\t\t\t\t<div class=\"elementor-element elementor-element-714bc91 elementor-widget elementor-widget-heading\" data-id=\"714bc91\" data-element_type=\"widget\" data-widget_type=\"heading.default\">\n\t\t\t\t\t<h1 class=\"elementor-heading-title elementor-size-default\">Com et podem ajudar?<\/h1>\t\t\t\t<\/div>\n\t\t\t\t<div class=\"elementor-element elementor-element-be78b62 elementor-widget elementor-widget-heading\" data-id=\"be78b62\" data-element_type=\"widget\" data-widget_type=\"heading.default\">\n\t\t\t\t\t<h2 class=\"elementor-heading-title elementor-size-default\"><a href=\"#serveis\">Els nostres serveis<\/a><\/h2>\t\t\t\t<\/div>\n\t\t\t\t<div class=\"elementor-element elementor-element-2a49f41 elementor-widget elementor-widget-text-editor\" data-id=\"2a49f41\" data-element_type=\"widget\" data-widget_type=\"text-editor.default\">\n\t\t\t\t\t\t\t\t\t<p data-start=\"69\" data-end=\"423\">A MSF \u2013 Assessor BI oferim solucions personalitzades a Business Intelligence perqu\u00e8 la seva empresa converteixi les dades en un actiu estrat\u00e8gic. Els nostres serveis abasten tot el cicle de la informaci\u00f3:<\/p>\t\t\t\t\t\t\t\t<\/div>\n\t\t\t\t<\/div>\n\t\t<div class=\"elementor-element elementor-element-69b2ae0 e-con-full e-flex e-con e-child\" data-id=\"69b2ae0\" data-element_type=\"container\">\n\t\t\t\t<div class=\"elementor-element elementor-element-ba5c332 elementor-widget elementor-widget-image\" data-id=\"ba5c332\" data-element_type=\"widget\" data-widget_type=\"image.default\">\n\t\t\t\t\t\t\t\t\t\t\t\t\t\t\t<img fetchpriority=\"high\" decoding=\"async\" width=\"1000\" height=\"560\" src=\"https:\/\/www.biasesormsf.com\/wp-content\/uploads\/2025\/09\/msf-services.jpg\" class=\"attachment-large size-large wp-image-94\" alt=\"\" srcset=\"https:\/\/www.biasesormsf.com\/wp-content\/uploads\/2025\/09\/msf-services.jpg 1000w, https:\/\/www.biasesormsf.com\/wp-content\/uploads\/2025\/09\/msf-services-768x430.jpg 768w\" sizes=\"(max-width: 1000px) 100vw, 1000px\" \/>\t\t\t\t\t\t\t\t\t\t\t\t\t\t\t<\/div>\n\t\t\t\t<\/div>\n\t\t\t\t\t<\/div>\n\t\t\t\t<\/div>\n\t\t<div class=\"elementor-element elementor-element-59cbc87 e-flex e-con-boxed e-con e-parent\" data-id=\"59cbc87\" data-element_type=\"container\" id=\"serveis\" data-settings=\"{&quot;background_background&quot;:&quot;classic&quot;}\">\n\t\t\t\t\t<div class=\"e-con-inner\">\n\t\t\t\t<div class=\"elementor-element elementor-element-4c65367 elementor-position-left elementor-view-default elementor-mobile-position-top elementor-widget elementor-widget-icon-box\" data-id=\"4c65367\" data-element_type=\"widget\" data-widget_type=\"icon-box.default\">\n\t\t\t\t\t\t\t<div class=\"elementor-icon-box-wrapper\">\n\n\t\t\t\t\t\t<div class=\"elementor-icon-box-icon\">\n\t\t\t\t<span  class=\"elementor-icon\">\n\t\t\t\t<svg aria-hidden=\"true\" class=\"e-font-icon-svg e-far-comments\" viewBox=\"0 0 576 512\" xmlns=\"http:\/\/www.w3.org\/2000\/svg\"><path d=\"M532 386.2c27.5-27.1 44-61.1 44-98.2 0-80-76.5-146.1-176.2-157.9C368.3 72.5 294.3 32 208 32 93.1 32 0 103.6 0 192c0 37 16.5 71 44 98.2-15.3 30.7-37.3 54.5-37.7 54.9-6.3 6.7-8.1 16.5-4.4 25 3.6 8.5 12 14 21.2 14 53.5 0 96.7-20.2 125.2-38.8 9.2 2.1 18.7 3.7 28.4 4.9C208.1 407.6 281.8 448 368 448c20.8 0 40.8-2.4 59.8-6.8C456.3 459.7 499.4 480 553 480c9.2 0 17.5-5.5 21.2-14 3.6-8.5 1.9-18.3-4.4-25-.4-.3-22.5-24.1-37.8-54.8zm-392.8-92.3L122.1 305c-14.1 9.1-28.5 16.3-43.1 21.4 2.7-4.7 5.4-9.7 8-14.8l15.5-31.1L77.7 256C64.2 242.6 48 220.7 48 192c0-60.7 73.3-112 160-112s160 51.3 160 112-73.3 112-160 112c-16.5 0-33-1.9-49-5.6l-19.8-4.5zM498.3 352l-24.7 24.4 15.5 31.1c2.6 5.1 5.3 10.1 8 14.8-14.6-5.1-29-12.3-43.1-21.4l-17.1-11.1-19.9 4.6c-16 3.7-32.5 5.6-49 5.6-54 0-102.2-20.1-131.3-49.7C338 339.5 416 272.9 416 192c0-3.4-.4-6.7-.7-10C479.7 196.5 528 238.8 528 288c0 28.7-16.2 50.6-29.7 64z\"><\/path><\/svg>\t\t\t\t<\/span>\n\t\t\t<\/div>\n\t\t\t\n\t\t\t\t\t\t<div class=\"elementor-icon-box-content\">\n\n\t\t\t\t\t\t\t\t\t<h2 class=\"elementor-icon-box-title\">\n\t\t\t\t\t\t<span  >\n\t\t\t\t\t\t\tConsultoria BI\t\t\t\t\t\t<\/span>\n\t\t\t\t\t<\/h2>\n\t\t\t\t\n\t\t\t\t\t\t\t\t\t<p class=\"elementor-icon-box-description\">\n\t\t\t\t\t\tAnalitzem detalladament les necessitats espec\u00edfiques de la seva empresa i dissenyem una estrat\u00e8gia de Business Intelligence alineada amb els seus objectius. El nostre enfocament combina experi\u00e8ncia t\u00e8cnica i visi\u00f3 de negoci, garantint que la implantaci\u00f3 de solucions BI aporti veritable valor, millorant l'efici\u00e8ncia, la competitivitat i la capacitat d'adaptaci\u00f3 al canvi.\t\t\t\t\t<\/p>\n\t\t\t\t\n\t\t\t<\/div>\n\t\t\t\n\t\t<\/div>\n\t\t\t\t\t\t<\/div>\n\t\t\t\t<div class=\"elementor-element elementor-element-5206a4d elementor-position-left elementor-view-default elementor-mobile-position-top elementor-widget elementor-widget-icon-box\" data-id=\"5206a4d\" data-element_type=\"widget\" data-widget_type=\"icon-box.default\">\n\t\t\t\t\t\t\t<div class=\"elementor-icon-box-wrapper\">\n\n\t\t\t\t\t\t<div class=\"elementor-icon-box-icon\">\n\t\t\t\t<span  class=\"elementor-icon\">\n\t\t\t\t<svg aria-hidden=\"true\" class=\"e-font-icon-svg e-fas-database\" viewBox=\"0 0 448 512\" xmlns=\"http:\/\/www.w3.org\/2000\/svg\"><path d=\"M448 73.143v45.714C448 159.143 347.667 192 224 192S0 159.143 0 118.857V73.143C0 32.857 100.333 0 224 0s224 32.857 224 73.143zM448 176v102.857C448 319.143 347.667 352 224 352S0 319.143 0 278.857V176c48.125 33.143 136.208 48.572 224 48.572S399.874 209.143 448 176zm0 160v102.857C448 479.143 347.667 512 224 512S0 479.143 0 438.857V336c48.125 33.143 136.208 48.572 224 48.572S399.874 369.143 448 336z\"><\/path><\/svg>\t\t\t\t<\/span>\n\t\t\t<\/div>\n\t\t\t\n\t\t\t\t\t\t<div class=\"elementor-icon-box-content\">\n\n\t\t\t\t\t\t\t\t\t<h2 class=\"elementor-icon-box-title\">\n\t\t\t\t\t\t<span  >\n\t\t\t\t\t\t\tIntegraci\u00f3 i gesti\u00f3 de dades\t\t\t\t\t\t<\/span>\n\t\t\t\t\t<\/h2>\n\t\t\t\t\n\t\t\t\t\t\t\t\t\t<p class=\"elementor-icon-box-description\">\n\t\t\t\t\t\tUnifiquem la informaci\u00f3 procedent de m\u00faltiples fonts (ERP, CRM, fulls de c\u00e0lcul, bases de dades externes, etc.) per assegurar-ne la coher\u00e8ncia i qualitat. Implementem processos de neteja, transformaci\u00f3 i c\u00e0rrega de dades que permeten treballar amb informaci\u00f3 fiable i actualitzada, base indispensable per a una correcta presa de decisions estrat\u00e8giques.\t\t\t\t\t<\/p>\n\t\t\t\t\n\t\t\t<\/div>\n\t\t\t\n\t\t<\/div>\n\t\t\t\t\t\t<\/div>\n\t\t\t\t<div class=\"elementor-element elementor-element-f7c6ba1 elementor-position-left elementor-view-default elementor-mobile-position-top elementor-widget elementor-widget-icon-box\" data-id=\"f7c6ba1\" data-element_type=\"widget\" data-widget_type=\"icon-box.default\">\n\t\t\t\t\t\t\t<div class=\"elementor-icon-box-wrapper\">\n\n\t\t\t\t\t\t<div class=\"elementor-icon-box-icon\">\n\t\t\t\t<span  class=\"elementor-icon\">\n\t\t\t\t<svg aria-hidden=\"true\" class=\"e-font-icon-svg e-fab-uncharted\" viewBox=\"0 0 448 512\" xmlns=\"http:\/\/www.w3.org\/2000\/svg\"><path d=\"M171.73,232.813A5.381,5.381,0,0,0,176.7,229.5,48.081,48.081,0,0,1,191.6,204.244c1.243-.828,1.657-2.484,1.657-4.141a4.22,4.22,0,0,0-2.071-3.312L74.429,128.473,148.958,85a9.941,9.941,0,0,0,4.968-8.281,9.108,9.108,0,0,0-4.968-8.281L126.6,55.6a9.748,9.748,0,0,0-9.523,0l-100.2,57.966a9.943,9.943,0,0,0-4.969,8.281V236.954a9.109,9.109,0,0,0,4.969,8.281L39.235,258.07a8.829,8.829,0,0,0,4.968,1.242,9.4,9.4,0,0,0,6.625-2.484,10.8,10.8,0,0,0,2.9-7.039V164.5L169.66,232.4A4.5,4.5,0,0,0,171.73,232.813ZM323.272,377.73a12.478,12.478,0,0,0-4.969,1.242l-74.528,43.062V287.882c0-2.9-2.9-5.8-6.211-4.555a53.036,53.036,0,0,1-28.984.414,4.86,4.86,0,0,0-6.21,4.555V421.619l-74.529-43.061a8.83,8.83,0,0,0-4.969-1.242,9.631,9.631,0,0,0-9.523,9.523v26.085a9.107,9.107,0,0,0,4.969,8.281l100.2,57.553A8.829,8.829,0,0,0,223.486,480a11.027,11.027,0,0,0,4.969-1.242l100.2-57.553a9.941,9.941,0,0,0,4.968-8.281V386.839C332.8,382.285,328.24,377.73,323.272,377.73ZM286.007,78a23,23,0,1,0-23-23A23,23,0,0,0,286.007,78Zm63.627-10.086a23,23,0,1,0,23,23A23,23,0,0,0,349.634,67.914ZM412.816,151.6a23,23,0,1,0-23-23A23,23,0,0,0,412.816,151.6Zm-63.182-9.2a23,23,0,1,0,23,23A23,23,0,0,0,349.634,142.4Zm-63.627,83.244a23,23,0,1,0-23-23A23,23,0,0,0,286.007,225.648Zm-62.074,36.358a23,23,0,1,0-23-23A23,23,0,0,0,223.933,262.006Zm188.883-82.358a23,23,0,1,0,23,23A23,23,0,0,0,412.816,179.648Zm0,72.272a23,23,0,1,0,23,23A23,23,0,0,0,412.816,251.92Z\"><\/path><\/svg>\t\t\t\t<\/span>\n\t\t\t<\/div>\n\t\t\t\n\t\t\t\t\t\t<div class=\"elementor-icon-box-content\">\n\n\t\t\t\t\t\t\t\t\t<h2 class=\"elementor-icon-box-title\">\n\t\t\t\t\t\t<span  >\n\t\t\t\t\t\t\tModelat i an\u00e0lisi\t\t\t\t\t\t<\/span>\n\t\t\t\t\t<\/h2>\n\t\t\t\t\n\t\t\t\t\t\t\t\t\t<p class=\"elementor-icon-box-description\">\n\t\t\t\t\t\tDissenyem models de dades robustes i flexibles que faciliten la comprensi\u00f3 del negoci des de diferents perspectives. Creem quadres de comandament interactius i informes personalitzats que transformen les dades en indicadors clau de rendiment (KPIs), permetent detectar patrons, tend\u00e8ncies i oportunitats per a la millora cont\u00ednua a tots els nivells de l'organitzaci\u00f3.\t\t\t\t\t<\/p>\n\t\t\t\t\n\t\t\t<\/div>\n\t\t\t\n\t\t<\/div>\n\t\t\t\t\t\t<\/div>\n\t\t\t\t<div class=\"elementor-element elementor-element-cb99e78 elementor-position-left elementor-view-default elementor-mobile-position-top elementor-widget elementor-widget-icon-box\" data-id=\"cb99e78\" data-element_type=\"widget\" data-widget_type=\"icon-box.default\">\n\t\t\t\t\t\t\t<div class=\"elementor-icon-box-wrapper\">\n\n\t\t\t\t\t\t<div class=\"elementor-icon-box-icon\">\n\t\t\t\t<span  class=\"elementor-icon\">\n\t\t\t\t<svg aria-hidden=\"true\" class=\"e-font-icon-svg e-fas-thumbs-up\" viewBox=\"0 0 512 512\" xmlns=\"http:\/\/www.w3.org\/2000\/svg\"><path d=\"M104 224H24c-13.255 0-24 10.745-24 24v240c0 13.255 10.745 24 24 24h80c13.255 0 24-10.745 24-24V248c0-13.255-10.745-24-24-24zM64 472c-13.255 0-24-10.745-24-24s10.745-24 24-24 24 10.745 24 24-10.745 24-24 24zM384 81.452c0 42.416-25.97 66.208-33.277 94.548h101.723c33.397 0 59.397 27.746 59.553 58.098.084 17.938-7.546 37.249-19.439 49.197l-.11.11c9.836 23.337 8.237 56.037-9.308 79.469 8.681 25.895-.069 57.704-16.382 74.757 4.298 17.598 2.244 32.575-6.148 44.632C440.202 511.587 389.616 512 346.839 512l-2.845-.001c-48.287-.017-87.806-17.598-119.56-31.725-15.957-7.099-36.821-15.887-52.651-16.178-6.54-.12-11.783-5.457-11.783-11.998v-213.77c0-3.2 1.282-6.271 3.558-8.521 39.614-39.144 56.648-80.587 89.117-113.111 14.804-14.832 20.188-37.236 25.393-58.902C282.515 39.293 291.817 0 312 0c24 0 72 8 72 81.452z\"><\/path><\/svg>\t\t\t\t<\/span>\n\t\t\t<\/div>\n\t\t\t\n\t\t\t\t\t\t<div class=\"elementor-icon-box-content\">\n\n\t\t\t\t\t\t\t\t\t<h2 class=\"elementor-icon-box-title\">\n\t\t\t\t\t\t<span  >\n\t\t\t\t\t\t\tOptimitzaci\u00f3 de processos\t\t\t\t\t\t<\/span>\n\t\t\t\t\t<\/h2>\n\t\t\t\t\n\t\t\t\t\t\t\t\t\t<p class=\"elementor-icon-box-description\">\n\t\t\t\t\t\tIdentifiquem inefici\u00e8ncies i \u00e0rees de millora als fluxos de treball interns de l'empresa mitjan\u00e7ant l'\u00fas de dades. Proposem solucions pr\u00e0ctiques basades en l\u00b4anal\u00edtica avan\u00e7ada, ajudant a reduir costos, augmentar la productivitat i millorar la qualitat de les decisions. El nostre objectiu \u00e9s impulsar un creixement sostenible i mesurable.\t\t\t\t\t<\/p>\n\t\t\t\t\n\t\t\t<\/div>\n\t\t\t\n\t\t<\/div>\n\t\t\t\t\t\t<\/div>\n\t\t\t\t<div class=\"elementor-element elementor-element-1e7dd33 elementor-position-left elementor-view-default elementor-mobile-position-top elementor-widget elementor-widget-icon-box\" data-id=\"1e7dd33\" data-element_type=\"widget\" data-widget_type=\"icon-box.default\">\n\t\t\t\t\t\t\t<div class=\"elementor-icon-box-wrapper\">\n\n\t\t\t\t\t\t<div class=\"elementor-icon-box-icon\">\n\t\t\t\t<span  class=\"elementor-icon\">\n\t\t\t\t<svg aria-hidden=\"true\" class=\"e-font-icon-svg e-fas-chalkboard-teacher\" viewBox=\"0 0 640 512\" xmlns=\"http:\/\/www.w3.org\/2000\/svg\"><path d=\"M208 352c-2.39 0-4.78.35-7.06 1.09C187.98 357.3 174.35 360 160 360c-14.35 0-27.98-2.7-40.95-6.91-2.28-.74-4.66-1.09-7.05-1.09C49.94 352-.33 402.48 0 464.62.14 490.88 21.73 512 48 512h224c26.27 0 47.86-21.12 48-47.38.33-62.14-49.94-112.62-112-112.62zm-48-32c53.02 0 96-42.98 96-96s-42.98-96-96-96-96 42.98-96 96 42.98 96 96 96zM592 0H208c-26.47 0-48 22.25-48 49.59V96c23.42 0 45.1 6.78 64 17.8V64h352v288h-64v-64H384v64h-76.24c19.1 16.69 33.12 38.73 39.69 64H592c26.47 0 48-22.25 48-49.59V49.59C640 22.25 618.47 0 592 0z\"><\/path><\/svg>\t\t\t\t<\/span>\n\t\t\t<\/div>\n\t\t\t\n\t\t\t\t\t\t<div class=\"elementor-icon-box-content\">\n\n\t\t\t\t\t\t\t\t\t<h2 class=\"elementor-icon-box-title\">\n\t\t\t\t\t\t<span  >\n\t\t\t\t\t\t\tFormaci\u00f3 i acompanyament\t\t\t\t\t\t<\/span>\n\t\t\t\t\t<\/h2>\n\t\t\t\t\n\t\t\t\t\t\t\t\t\t<p class=\"elementor-icon-box-description\">\n\t\t\t\t\t\tCapacitem el seu equip perqu\u00e8 aprofiti al m\u00e0xim les eines de Business Intelligence implantades. Oferim formaci\u00f3 pr\u00e0ctica i personalitzada, adaptada al nivell de cada usuari, aix\u00ed com acompanyament continu per resoldre dubtes i garantir el correcte \u00fas de les solucions. Aix\u00ed, assegurem l\u00b4autonomia del personal i la rendibilitat del projecte.\t\t\t\t\t<\/p>\n\t\t\t\t\n\t\t\t<\/div>\n\t\t\t\n\t\t<\/div>\n\t\t\t\t\t\t<\/div>\n\t\t\t\t\t<\/div>\n\t\t\t\t<\/div>\n\t\t<div class=\"elementor-element elementor-element-4858ed3 e-flex e-con-boxed e-con e-parent\" data-id=\"4858ed3\" data-element_type=\"container\">\n\t\t\t\t\t<div class=\"e-con-inner\">\n\t\t\t\t<div class=\"elementor-element elementor-element-04d2913 elementor-widget elementor-widget-text-editor\" data-id=\"04d2913\" data-element_type=\"widget\" data-widget_type=\"text-editor.default\">\n\t\t\t\t\t\t\t\t\t<p data-start=\"986\" data-end=\"1169\">El nostre objectiu \u00e9s que cada decisi\u00f3 empresarial estigui recolzada per informaci\u00f3 clara, precisa i en temps real, impulsant la rendibilitat i la competitivitat de la vostra organitzaci\u00f3.<\/p>\t\t\t\t\t\t\t\t<\/div>\n\t\t\t\t<div class=\"elementor-element elementor-element-997e615 elementor-widget elementor-widget-button\" data-id=\"997e615\" data-element_type=\"widget\" data-widget_type=\"button.default\">\n\t\t\t\t\t\t\t\t\t\t<a class=\"elementor-button elementor-button-link elementor-size-sm\" href=\"https:\/\/www.biasesormsf.com\/ca\/contacte\/\">\n\t\t\t\t\t\t<span class=\"elementor-button-content-wrapper\">\n\t\t\t\t\t\t\t\t\t<span class=\"elementor-button-text\">Contacta amb nosaltres<\/span>\n\t\t\t\t\t<\/span>\n\t\t\t\t\t<\/a>\n\t\t\t\t\t\t\t\t<\/div>\n\t\t\t\t\t<\/div>\n\t\t\t\t<\/div>\n\t\t\t\t<\/div>\n\t\t","protected":false},"excerpt":{"rendered":"<p>Com et podem ajudar? Els nostres serveis A MSF \u2013 Assessor BI oferim solucions personalitzades a Business Intelligence perqu\u00e8 la seva empresa converteixi les dades en un actiu estrat\u00e8gic. Els nostres serveis abasten tot el cicle de la informaci\u00f3: Consultoria BI Analitzem detalladament les necessitats espec\u00edfiques de la seva empresa i dissenyem una estrat\u00e8gia de [&hellip;]<\/p>\n","protected":false},"author":1,"featured_media":0,"parent":0,"menu_order":0,"comment_status":"closed","ping_status":"closed","template":"","meta":{"footnotes":""},"class_list":["post-99","page","type-page","status-publish","hentry"],"yoast_head":"<!-- This site is optimized with the Yoast SEO plugin v25.8 - https:\/\/yoast.com\/wordpress\/plugins\/seo\/ -->\n<title>Serveis - biasesormsf.com<\/title>\n<meta name=\"robots\" content=\"index, follow, max-snippet:-1, max-image-preview:large, max-video-preview:-1\" \/>\n<link rel=\"canonical\" href=\"https:\/\/www.biasesormsf.com\/ca\/serveis\/\" \/>\n<meta property=\"og:locale\" content=\"ca_ES\" \/>\n<meta property=\"og:type\" content=\"article\" \/>\n<meta property=\"og:title\" content=\"Serveis - biasesormsf.com\" \/>\n<meta property=\"og:description\" content=\"Com et podem ajudar? Els nostres serveis A MSF \u2013 Assessor BI oferim solucions personalitzades a Business Intelligence perqu\u00e8 la seva empresa converteixi les dades en un actiu estrat\u00e8gic. Els nostres serveis abasten tot el cicle de la informaci\u00f3: Consultoria BI Analitzem detalladament les necessitats espec\u00edfiques de la seva empresa i dissenyem una estrat\u00e8gia de [&hellip;]\" \/>\n<meta property=\"og:url\" content=\"https:\/\/www.biasesormsf.com\/ca\/serveis\/\" \/>\n<meta property=\"og:site_name\" content=\"biasesormsf.com\" \/>\n<meta property=\"article:modified_time\" content=\"2025-10-10T10:54:58+00:00\" \/>\n<meta property=\"og:image\" content=\"https:\/\/www.biasesormsf.com\/wp-content\/uploads\/2025\/09\/msf-services.jpg\" \/>\n\t<meta property=\"og:image:width\" content=\"1000\" \/>\n\t<meta property=\"og:image:height\" content=\"560\" \/>\n\t<meta property=\"og:image:type\" content=\"image\/jpeg\" \/>\n<meta name=\"twitter:card\" content=\"summary_large_image\" \/>\n<meta name=\"twitter:label1\" content=\"Temps estimat de lectura\" \/>\n\t<meta name=\"twitter:data1\" content=\"2 minuts\" \/>\n<script type=\"application\/ld+json\" class=\"yoast-schema-graph\">{\"@context\":\"https:\/\/schema.org\",\"@graph\":[{\"@type\":\"WebPage\",\"@id\":\"https:\/\/www.biasesormsf.com\/ca\/serveis\/\",\"url\":\"https:\/\/www.biasesormsf.com\/ca\/serveis\/\",\"name\":\"Serveis - biasesormsf.com\",\"isPartOf\":{\"@id\":\"https:\/\/www.biasesormsf.com\/ca\/#website\"},\"primaryImageOfPage\":{\"@id\":\"https:\/\/www.biasesormsf.com\/ca\/serveis\/#primaryimage\"},\"image\":{\"@id\":\"https:\/\/www.biasesormsf.com\/ca\/serveis\/#primaryimage\"},\"thumbnailUrl\":\"https:\/\/www.biasesormsf.com\/wp-content\/uploads\/2025\/09\/msf-services.jpg\",\"datePublished\":\"2025-08-29T05:56:10+00:00\",\"dateModified\":\"2025-10-10T10:54:58+00:00\",\"breadcrumb\":{\"@id\":\"https:\/\/www.biasesormsf.com\/ca\/serveis\/#breadcrumb\"},\"inLanguage\":\"ca\",\"potentialAction\":[{\"@type\":\"ReadAction\",\"target\":[\"https:\/\/www.biasesormsf.com\/ca\/serveis\/\"]}]},{\"@type\":\"ImageObject\",\"inLanguage\":\"ca\",\"@id\":\"https:\/\/www.biasesormsf.com\/ca\/serveis\/#primaryimage\",\"url\":\"https:\/\/www.biasesormsf.com\/wp-content\/uploads\/2025\/09\/msf-services.jpg\",\"contentUrl\":\"https:\/\/www.biasesormsf.com\/wp-content\/uploads\/2025\/09\/msf-services.jpg\"},{\"@type\":\"BreadcrumbList\",\"@id\":\"https:\/\/www.biasesormsf.com\/ca\/serveis\/#breadcrumb\",\"itemListElement\":[{\"@type\":\"ListItem\",\"position\":1,\"name\":\"Portada\",\"item\":\"https:\/\/www.biasesormsf.com\/ca\/\"},{\"@type\":\"ListItem\",\"position\":2,\"name\":\"Serveis\"}]},{\"@type\":\"WebSite\",\"@id\":\"https:\/\/www.biasesormsf.com\/ca\/#website\",\"url\":\"https:\/\/www.biasesormsf.com\/ca\/\",\"name\":\"biasesormsf.com\",\"description\":\"Asesoramiento en bussines inteligence\",\"potentialAction\":[{\"@type\":\"SearchAction\",\"target\":{\"@type\":\"EntryPoint\",\"urlTemplate\":\"https:\/\/www.biasesormsf.com\/ca\/?s={search_term_string}\"},\"query-input\":{\"@type\":\"PropertyValueSpecification\",\"valueRequired\":true,\"valueName\":\"search_term_string\"}}],\"inLanguage\":\"ca\"}]}<\/script>\n<!-- \/ Yoast SEO plugin. -->","yoast_head_json":{"title":"Serveis - biasesormsf.com","robots":{"index":"index","follow":"follow","max-snippet":"max-snippet:-1","max-image-preview":"max-image-preview:large","max-video-preview":"max-video-preview:-1"},"canonical":"https:\/\/www.biasesormsf.com\/ca\/serveis\/","og_locale":"ca_ES","og_type":"article","og_title":"Serveis - biasesormsf.com","og_description":"Com et podem ajudar? Els nostres serveis A MSF \u2013 Assessor BI oferim solucions personalitzades a Business Intelligence perqu\u00e8 la seva empresa converteixi les dades en un actiu estrat\u00e8gic. Els nostres serveis abasten tot el cicle de la informaci\u00f3: Consultoria BI Analitzem detalladament les necessitats espec\u00edfiques de la seva empresa i dissenyem una estrat\u00e8gia de [&hellip;]","og_url":"https:\/\/www.biasesormsf.com\/ca\/serveis\/","og_site_name":"biasesormsf.com","article_modified_time":"2025-10-10T10:54:58+00:00","og_image":[{"width":1000,"height":560,"url":"https:\/\/www.biasesormsf.com\/wp-content\/uploads\/2025\/09\/msf-services.jpg","type":"image\/jpeg"}],"twitter_card":"summary_large_image","twitter_misc":{"Temps estimat de lectura":"2 minuts"},"schema":{"@context":"https:\/\/schema.org","@graph":[{"@type":"WebPage","@id":"https:\/\/www.biasesormsf.com\/ca\/serveis\/","url":"https:\/\/www.biasesormsf.com\/ca\/serveis\/","name":"Serveis - biasesormsf.com","isPartOf":{"@id":"https:\/\/www.biasesormsf.com\/ca\/#website"},"primaryImageOfPage":{"@id":"https:\/\/www.biasesormsf.com\/ca\/serveis\/#primaryimage"},"image":{"@id":"https:\/\/www.biasesormsf.com\/ca\/serveis\/#primaryimage"},"thumbnailUrl":"https:\/\/www.biasesormsf.com\/wp-content\/uploads\/2025\/09\/msf-services.jpg","datePublished":"2025-08-29T05:56:10+00:00","dateModified":"2025-10-10T10:54:58+00:00","breadcrumb":{"@id":"https:\/\/www.biasesormsf.com\/ca\/serveis\/#breadcrumb"},"inLanguage":"ca","potentialAction":[{"@type":"ReadAction","target":["https:\/\/www.biasesormsf.com\/ca\/serveis\/"]}]},{"@type":"ImageObject","inLanguage":"ca","@id":"https:\/\/www.biasesormsf.com\/ca\/serveis\/#primaryimage","url":"https:\/\/www.biasesormsf.com\/wp-content\/uploads\/2025\/09\/msf-services.jpg","contentUrl":"https:\/\/www.biasesormsf.com\/wp-content\/uploads\/2025\/09\/msf-services.jpg"},{"@type":"BreadcrumbList","@id":"https:\/\/www.biasesormsf.com\/ca\/serveis\/#breadcrumb","itemListElement":[{"@type":"ListItem","position":1,"name":"Portada","item":"https:\/\/www.biasesormsf.com\/ca\/"},{"@type":"ListItem","position":2,"name":"Serveis"}]},{"@type":"WebSite","@id":"https:\/\/www.biasesormsf.com\/ca\/#website","url":"https:\/\/www.biasesormsf.com\/ca\/","name":"biasesormsf.com","description":"Asesoramiento en bussines inteligence","potentialAction":[{"@type":"SearchAction","target":{"@type":"EntryPoint","urlTemplate":"https:\/\/www.biasesormsf.com\/ca\/?s={search_term_string}"},"query-input":{"@type":"PropertyValueSpecification","valueRequired":true,"valueName":"search_term_string"}}],"inLanguage":"ca"}]}},"_links":{"self":[{"href":"https:\/\/www.biasesormsf.com\/ca\/wp-json\/wp\/v2\/pages\/99","targetHints":{"allow":["GET"]}}],"collection":[{"href":"https:\/\/www.biasesormsf.com\/ca\/wp-json\/wp\/v2\/pages"}],"about":[{"href":"https:\/\/www.biasesormsf.com\/ca\/wp-json\/wp\/v2\/types\/page"}],"author":[{"embeddable":true,"href":"https:\/\/www.biasesormsf.com\/ca\/wp-json\/wp\/v2\/users\/1"}],"replies":[{"embeddable":true,"href":"https:\/\/www.biasesormsf.com\/ca\/wp-json\/wp\/v2\/comments?post=99"}],"version-history":[{"count":10,"href":"https:\/\/www.biasesormsf.com\/ca\/wp-json\/wp\/v2\/pages\/99\/revisions"}],"predecessor-version":[{"id":160,"href":"https:\/\/www.biasesormsf.com\/ca\/wp-json\/wp\/v2\/pages\/99\/revisions\/160"}],"wp:attachment":[{"href":"https:\/\/www.biasesormsf.com\/ca\/wp-json\/wp\/v2\/media?parent=99"}],"curies":[{"name":"wp","href":"https:\/\/api.w.org\/{rel}","templated":true}]}}